{"id":237,"date":"2021-03-23T12:52:06","date_gmt":"2021-03-23T12:52:06","guid":{"rendered":"https:\/\/sandramartini-avocat.com\/?page_id=237"},"modified":"2021-03-23T12:52:06","modified_gmt":"2021-03-23T12:52:06","slug":"mentions-legales","status":"publish","type":"page","link":"https:\/\/sandramartini-avocat.com\/index.php\/mentions-legales\/","title":{"rendered":"Mentions l\u00e9gales"},"content":{"rendered":"\n<h1 class=\"wp-block-heading\"><strong>CABINET D\u2019AVOCAT MARTINI<\/strong><\/h1>\n\n\n\n<h1 class=\"wp-block-heading\"><strong>Si\u00e8ge Social<\/strong><br>4 Avenue de La P\u00e9tanque Centre d\u2019affaires Extension Sud<br>13600 LA CIOTAT<\/h1>\n\n\n\n<p><strong>Responsables de la publication :&nbsp;<\/strong><br>LA CIOTAT \u2013 Sandra-Nathalie MARTINI<\/p>\n\n\n\n<p><strong>Tel : 04.42.83.43.58<\/strong><br><strong>H\u00e9bergement :\u00a0 <strong>AMEN<\/strong>\u00a0<\/strong><br>Si\u00e8ge social : 2-14 Rond-Point des Champs Elys\u00e9es &#8211; 75008 PARIS<\/p>\n\n\n\n<p>L\u2019utilisateur du site Internet reconna\u00eet disposer de la comp\u00e9tence et des moyens n\u00e9cessaires pour acc\u00e9der et utiliser ce site. Il reconna\u00eet \u00e9galement avoir pris connaissance de la pr\u00e9sente notice l\u00e9gale et s\u2019engage \u00e0 la respecter.<\/p>\n\n\n\n<p>L\u2019utilisateur est inform\u00e9 que lors de ses visites sur le site, un cookie peut s\u2019installer automatiquement sur son logiciel de navigation. Un cookie est un \u00e9l\u00e9ment qui ne permet pas d\u2019identifier l\u2019utilisateur mais sert \u00e0 enregistrer des informations relatives \u00e0 la navigation de celui-ci sur le site Internet. L\u2019utilisateur pourra d\u00e9sactiver ce cookie par l\u2019interm\u00e9diaire des param\u00e8tres figurant au sein de son logiciel de navigation.<\/p>\n\n\n\n<p>L\u2019utilisateur dispose d\u2019un droit d\u2019acc\u00e8s, de modification, de rectification et de suppression des donn\u00e9es qui le concernent (article 34 de la loi \u201d Informatique et Libert\u00e9s \u201c).<br>Pour l\u2019exercer, l\u2019utilisateur peut s\u2019adresser aupr\u00e8s du Directeur de la publication vis\u00e9 plus haut.<\/p>\n\n\n\n<p>Toute repr\u00e9sentation totale ou partielle de ce site par quelque proc\u00e9d\u00e9 que ce soit, sans l\u2019autorisation expresse de l\u2019exploitant du site Internet est interdite et constituerait une contrefa\u00e7on sanctionn\u00e9e par les article L 335-2 et suivants du Code de la propri\u00e9t\u00e9 intellectuelle.<\/p>\n\n\n\n<p>Il en est de m\u00eame des \u00e9ventuelles bases de donn\u00e9es figurant sur le site Internet qui sont prot\u00e9g\u00e9es par les dispositions de la loi du 11 juillet 1998 portant transposition dans le Code de la propri\u00e9t\u00e9 intellectuelle (CPI) de la directive europ\u00e9enne du 11 mars 1996 relative \u00e0 la protection juridique des bases de donn\u00e9es.<\/p>\n\n\n\n<p>Les marques de l\u2019exploitant du site Internet et de ses partenaires, ainsi que les logos figurant sur le site sont des \u00e9l\u00e9ments prot\u00e9g\u00e9s par les dispositions du droit de la propri\u00e9t\u00e9 intellectuelle et ne peuvent faire l\u2019objet, sans consentement du Directeur de la publication, d\u2019aucune reproduction ni repr\u00e9sentation partielle ou totale.<\/p>\n\n\n\n<p>Les liens hypertextes mis en place dans le cadre du site Internet en direction d\u2019autres ressources pr\u00e9sentes sur le r\u00e9seau de l\u2019Internet, et notamment vers ses partenaires ont fait l\u2019objet d\u2019une autorisation pr\u00e9alable expresse et \u00e9crite.<\/p>\n\n\n\n<p>Les utilisateurs visiteurs du site Internet ne peuvent mettre en place un hyperlien en direction de ces sites sans l\u2019autorisation expresse et pr\u00e9alable de l\u2019exploitant du site Internet.<\/p>\n\n\n\n<p>Conform\u00e9ment aux articles L.612-1 et suivants issus de l\u2019ordonnance n\u00b02016-301 du 14 mars 2016, vous avez la possibilit\u00e9 en cas de litige avec un avocat de recourir gratuitement au M\u00e9diateur de la Consommation qui sera le M\u00e9diateur National pr\u00e8s du Conseil National et dont les coordonn\u00e9es sont les suivantes : CNB \u2013 M\u00e9diateur \u00e0 la Consommation, 22 rue de Londres, 75009 PARIS.<\/p>\n","protected":false},"excerpt":{"rendered":"<p>CABINET D\u2019AVOCAT MARTINI Si\u00e8ge Social4 Avenue de La P\u00e9tanque Centre d\u2019affaires Extension Sud13600 LA CIOTAT Responsables de la publication :&nbsp;LA CIOTAT \u2013 Sandra-Nathalie MARTINI Tel : 04.42.83.43.58H\u00e9bergement :\u00a0 AMEN\u00a0Si\u00e8ge social : 2-14 Rond-Point des Champs Elys\u00e9es &#8211; 75008 PARIS L\u2019utilisateur du site Internet reconna\u00eet disposer de la comp\u00e9tence et des moyens n\u00e9cessaires pour acc\u00e9der et [&hellip;]<\/p>\n","protected":false},"author":1,"featured_media":0,"parent":0,"menu_order":0,"comment_status":"closed","ping_status":"closed","template":"","meta":{"footnotes":""},"class_list":["post-237","page","type-page","status-publish","hentry"],"_links":{"self":[{"href":"https:\/\/sandramartini-avocat.com\/index.php\/wp-json\/wp\/v2\/pages\/237","targetHints":{"allow":["GET"]}}],"collection":[{"href":"https:\/\/sandramartini-avocat.com\/index.php\/wp-json\/wp\/v2\/pages"}],"about":[{"href":"https:\/\/sandramartini-avocat.com\/index.php\/wp-json\/wp\/v2\/types\/page"}],"author":[{"embeddable":true,"href":"https:\/\/sandramartini-avocat.com\/index.php\/wp-json\/wp\/v2\/users\/1"}],"replies":[{"embeddable":true,"href":"https:\/\/sandramartini-avocat.com\/index.php\/wp-json\/wp\/v2\/comments?post=237"}],"version-history":[{"count":1,"href":"https:\/\/sandramartini-avocat.com\/index.php\/wp-json\/wp\/v2\/pages\/237\/revisions"}],"predecessor-version":[{"id":238,"href":"https:\/\/sandramartini-avocat.com\/index.php\/wp-json\/wp\/v2\/pages\/237\/revisions\/238"}],"wp:attachment":[{"href":"https:\/\/sandramartini-avocat.com\/index.php\/wp-json\/wp\/v2\/media?parent=237"}],"curies":[{"name":"wp","href":"https:\/\/api.w.org\/{rel}","templated":true}]}}