{"id":60,"date":"2019-09-24T19:46:34","date_gmt":"2019-09-24T19:46:34","guid":{"rendered":"https:\/\/sandramartini-avocat.com\/?page_id=60"},"modified":"2019-11-18T23:27:14","modified_gmt":"2019-11-18T23:27:14","slug":"competences","status":"publish","type":"page","link":"https:\/\/sandramartini-avocat.com\/index.php\/competences\/","title":{"rendered":"Comp\u00e9tences"},"content":{"rendered":"\n<p class=\"has-normal-font-size\">Le cabinet assume le contentieux g\u00e9n\u00e9ral et le contentieux sp\u00e9cialis\u00e9 en droit des soci\u00e9t\u00e9s et droit de la famille.<\/p>\n\n\n\n<p class=\"has-normal-font-size\">Il est amen\u00e9 \u00e0 repr\u00e9senter ses clients  devant le Tribunal de Commerce, le Tribunal de Grande Instance, le Juge de Proximit\u00e9 et le Tribunal d\u2019instance, mais aussi devant la Cour d\u2019appel, et ce devant  toutes les  juridictions fran\u00e7aises gr\u00e2ce \u00e0 son r\u00e9seau de postulation. <\/p>\n\n\n\n<p class=\"has-normal-font-size\"><strong>Il intervient dans divers domaines  au quotidien : <\/strong><br><br><\/p>\n\n\n\n<h3 class=\"wp-block-heading\" id=\"BIENSetPERSONNES\">Droit des biens et des personnes :<\/h3>\n\n\n\n<ul class=\"wp-block-list\"><li>S\u00e9paration et divorce<\/li><li>Actions post\u00e9rieures pour droit de visite et modification pension<\/li><li>Modification pension<\/li><li>Recouvrement pension alimentaire<\/li><li>Liquidation communaut\u00e9<\/li><li>Adoption<\/li><li>Changement de nom et pr\u00e9nom<\/li><li>M\u00e9diation \/ proc\u00e9dure participative<\/li><li>Protection des majeurs<\/li><li>Sauvegarde de justice \u00e0 la tutelle<\/li><li>Donation \/ Succession<\/li><li>Indivision<\/li><li>Servitude de passage<\/li><li>Troubles de voisinage<br><br><\/li><\/ul>\n\n\n\n<h3 class=\"wp-block-heading\">Droit de l&rsquo;ex\u00e9cution<\/h3>\n\n\n\n<ul class=\"wp-block-list\"><li>Prise d&rsquo;hypoth\u00e8que judiciaire<\/li><li>Saisie conservatoire<\/li><li>Nantissement<\/li><li>Contestation des saisies<br><br><\/li><\/ul>\n\n\n\n<h3 class=\"wp-block-heading\">Droit immobilier<\/h3>\n\n\n\n<ul class=\"wp-block-list\"><li>Mandataire en transaction immobili\u00e8re<\/li><li>R\u00e9daction baux habitation, baux commerciaux, baux pr\u00e9caires<\/li><li>Proc\u00e9dure de r\u00e9siliation et d\u2019expulsion<\/li><li>Proc\u00e9dure de deplafonnement \/ renouvellement baux<\/li><li>Contentieux d\u00e9sordres \u00e0 la r\u00e9ception du bien en VEFA<\/li><li>Contentieux garantie d\u00e9cennale et dommages ouvrages<\/li><li>Mesures conservatoires<br><br><\/li><\/ul>\n\n\n\n<h3 class=\"wp-block-heading\">Droit de la copropri\u00e9t\u00e9<\/h3>\n\n\n\n<ul class=\"wp-block-list\"><li>Conseil et assistance aux syndics et syndicats de copropri\u00e9taires et administrateurs de biens<\/li><li>Recouvrements de charges<br><br><\/li><\/ul>\n\n\n\n<h3 class=\"wp-block-heading\">Droit des soci\u00e9tes &#8211; Droit commercial &#8211; Droit social<\/h3>\n\n\n\n<ul class=\"wp-block-list\"><li>Cr\u00e9ation soci\u00e9t\u00e9s<\/li><li>Contentieux vie de la soci\u00e9t\u00e9<\/li><li>Pr\u00e9vention difficult\u00e9s financi\u00e8res tribunal de commerce<\/li><li>Proc\u00e9dure de redressement judiciaire<\/li><li>Contentieux m\u00e9sentente entre associ\u00e9s<\/li><li>Recouvrement cr\u00e9ances impay\u00e9es<\/li><li>Effets de commerce<\/li><li>Acquisitions<\/li><li>Cession fonds de commerce s\u00e9questre et gestion des oppositions<\/li><li> Location g\u00e9rance \/ droit au bail<\/li><li>Contentieux avec les banques et organismes sociaux<\/li><li>Contentieux social et prud&rsquo;homal<br><br><\/li><\/ul>\n\n\n\n<h3 class=\"wp-block-heading\">Contentieux des accidents de la circulation<\/h3>\n\n\n\n<ul class=\"wp-block-list\"><li>Assistance expertise-r\u00e9f\u00e9r\u00e9 provision<\/li><li>Transaction<\/li><li>Saisine fonds de garantie<br><br> <\/li><\/ul>\n\n\n\n<h3 class=\"wp-block-heading\">Droit de la responsabilit\u00e9 m\u00e9dicale<\/h3>\n\n\n\n<ul class=\"wp-block-list\"><li>Expertise<\/li><li>Evaluation dommages corporels<\/li><li>Saisine fonds de garantie<\/li><li>Saisine ONIAM<\/li><li>Assistance conseil de l&rsquo;ordre des m\u00e9decins<\/li><\/ul>\n","protected":false},"excerpt":{"rendered":"<p>Le cabinet assume le contentieux g\u00e9n\u00e9ral et le contentieux sp\u00e9cialis\u00e9 en droit des soci\u00e9t\u00e9s et droit de la famille. Il est amen\u00e9 \u00e0 repr\u00e9senter ses clients devant le Tribunal de Commerce, le Tribunal de Grande Instance, le Juge de Proximit\u00e9 et le Tribunal d\u2019instance, mais aussi devant la Cour d\u2019appel, et ce devant toutes les [&hellip;]<\/p>\n","protected":false},"author":1,"featured_media":0,"parent":0,"menu_order":2,"comment_status":"closed","ping_status":"closed","template":"","meta":{"footnotes":""},"class_list":["post-60","page","type-page","status-publish","hentry"],"_links":{"self":[{"href":"https:\/\/sandramartini-avocat.com\/index.php\/wp-json\/wp\/v2\/pages\/60","targetHints":{"allow":["GET"]}}],"collection":[{"href":"https:\/\/sandramartini-avocat.com\/index.php\/wp-json\/wp\/v2\/pages"}],"about":[{"href":"https:\/\/sandramartini-avocat.com\/index.php\/wp-json\/wp\/v2\/types\/page"}],"author":[{"embeddable":true,"href":"https:\/\/sandramartini-avocat.com\/index.php\/wp-json\/wp\/v2\/users\/1"}],"replies":[{"embeddable":true,"href":"https:\/\/sandramartini-avocat.com\/index.php\/wp-json\/wp\/v2\/comments?post=60"}],"version-history":[{"count":7,"href":"https:\/\/sandramartini-avocat.com\/index.php\/wp-json\/wp\/v2\/pages\/60\/revisions"}],"predecessor-version":[{"id":156,"href":"https:\/\/sandramartini-avocat.com\/index.php\/wp-json\/wp\/v2\/pages\/60\/revisions\/156"}],"wp:attachment":[{"href":"https:\/\/sandramartini-avocat.com\/index.php\/wp-json\/wp\/v2\/media?parent=60"}],"curies":[{"name":"wp","href":"https:\/\/api.w.org\/{rel}","templated":true}]}}